{"id":3483,"date":"2025-05-20T11:37:48","date_gmt":"2025-05-20T09:37:48","guid":{"rendered":"https:\/\/aperitifs-insolites.com\/my-account\/"},"modified":"2025-06-16T14:14:06","modified_gmt":"2025-06-16T12:14:06","slug":"my-account","status":"publish","type":"page","link":"https:\/\/aperitifs-insolites.com\/en\/my-account\/","title":{"rendered":"My Account"},"content":{"rendered":"<h1>Votre compte<\/h1>\n<nav aria-label=\"Pages du compte\">\n<ul>\n<li>\n\t\t\t\t<a href=\"https:\/\/aperitifs-insolites.com\/mon-compte\/\" aria-current=\"page\"><br \/>\n\t\t\t\t\tTableau de bord\t\t\t\t<\/a>\n\t\t\t<\/li>\n<li>\n\t\t\t\t<a href=\"https:\/\/aperitifs-insolites.com\/mon-compte\/commandes\/\" ><br \/>\n\t\t\t\t\tCommandes\t\t\t\t<\/a>\n\t\t\t<\/li>\n<li>\n\t\t\t\t<a href=\"https:\/\/aperitifs-insolites.com\/mon-compte\/telechargements\/\" ><br \/>\n\t\t\t\t\tT\u00e9l\u00e9chargements\t\t\t\t<\/a>\n\t\t\t<\/li>\n<li>\n\t\t\t\t<a href=\"https:\/\/aperitifs-insolites.com\/mon-compte\/adresses\/\" ><br \/>\n\t\t\t\t\tAdresses\t\t\t\t<\/a>\n\t\t\t<\/li>\n<li>\n\t\t\t\t<a href=\"https:\/\/aperitifs-insolites.com\/mon-compte\/modifier-le-compte\/\" ><br \/>\n\t\t\t\t\tD\u00e9tails du compte\t\t\t\t<\/a>\n\t\t\t<\/li>\n<li>\n\t\t\t\t<a href=\"https:\/\/aperitifs-insolites.com\/mon-compte\/deconnexion\/?_wpnonce=678b273b4c\" ><br \/>\n\t\t\t\t\tD\u00e9connexion\t\t\t\t<\/a>\n\t\t\t<\/li>\n<\/ul>\n<\/nav>\n<p>\n\tBonjour <strong>Lo\u00efc Letang<\/strong> (vous n\u2019\u00eates pas <strong>Lo\u00efc Letang<\/strong>\u00a0? <a href=\"https:\/\/aperitifs-insolites.com\/id157\/?action=logout&#038;redirect_to=https%3A%2F%2Faperitifs-insolites.com%2Fmon-compte%2F%3Felementor_wc_logout%3Dtrue%26elementor_my_account_redirect%3Dhttps%3A%2F%2Faperitifs-insolites.com%2Fmon-compte%2F&#038;_wpnonce=44f7b4dc22\">D\u00e9connexion<\/a>)<\/p>\n<p>\n\t\u00c0 partir du tableau de bord de votre compte, vous pouvez visualiser vos <a href=\"https:\/\/aperitifs-insolites.com\/mon-compte\/commandes\/\">commandes r\u00e9centes<\/a>, g\u00e9rer vos <a href=\"https:\/\/aperitifs-insolites.com\/mon-compte\/adresses\/\">adresses de livraison et de facturation<\/a> ainsi que <a href=\"https:\/\/aperitifs-insolites.com\/mon-compte\/modifier-le-compte\/\">changer votre mot de passe et les d\u00e9tails de votre compte<\/a>.<\/p>\n","protected":false},"excerpt":{"rendered":"<p>Votre compte Tableau de bord Commandes T\u00e9l\u00e9chargements Adresses D\u00e9tails du compte D\u00e9connexion Bonjour Lo\u00efc Letang (vous n\u2019\u00eates pas Lo\u00efc Letang\u00a0? D\u00e9connexion) \u00c0 partir du tableau de bord de votre compte, vous pouvez visualiser vos commandes r\u00e9centes, g\u00e9rer vos adresses de livraison et de facturation ainsi que changer votre mot de passe et les d\u00e9tails de [&hellip;]<\/p>\n","protected":false},"author":3,"featured_media":0,"parent":0,"menu_order":0,"comment_status":"closed","ping_status":"closed","template":"elementor_header_footer","meta":{"_acf_changed":false,"footnotes":""},"class_list":["post-3483","page","type-page","status-publish","hentry"],"acf":[],"_links":{"self":[{"href":"https:\/\/aperitifs-insolites.com\/en\/wp-json\/wp\/v2\/pages\/3483","targetHints":{"allow":["GET"]}}],"collection":[{"href":"https:\/\/aperitifs-insolites.com\/en\/wp-json\/wp\/v2\/pages"}],"about":[{"href":"https:\/\/aperitifs-insolites.com\/en\/wp-json\/wp\/v2\/types\/page"}],"author":[{"embeddable":true,"href":"https:\/\/aperitifs-insolites.com\/en\/wp-json\/wp\/v2\/users\/3"}],"replies":[{"embeddable":true,"href":"https:\/\/aperitifs-insolites.com\/en\/wp-json\/wp\/v2\/comments?post=3483"}],"version-history":[{"count":0,"href":"https:\/\/aperitifs-insolites.com\/en\/wp-json\/wp\/v2\/pages\/3483\/revisions"}],"wp:attachment":[{"href":"https:\/\/aperitifs-insolites.com\/en\/wp-json\/wp\/v2\/media?parent=3483"}],"curies":[{"name":"wp","href":"https:\/\/api.w.org\/{rel}","templated":true}]}}